{"id":9,"date":"2022-10-10T17:05:40","date_gmt":"2022-10-10T17:05:40","guid":{"rendered":"https:\/\/kineosteo-stlys.com\/?page_id=9"},"modified":"2023-06-05T10:36:48","modified_gmt":"2023-06-05T10:36:48","slug":"soins","status":"publish","type":"page","link":"https:\/\/kineosteo-stlys.com\/index.php\/soins\/","title":{"rendered":"Les soins"},"content":{"rendered":"\n<div class=\"wp-block-cover alignfull\" style=\"min-height:600px\"><span aria-hidden=\"true\" class=\"wp-block-cover__background has-nv-light-bg-background-color has-background-dim-100 has-background-dim\"><\/span><div class=\"wp-block-cover__inner-container\">\n<div class=\"wp-container-4 wp-block-group\"><div class=\"wp-block-group__inner-container\">\n<div class=\"wp-container-3 wp-block-columns are-vertically-aligned-center\">\n<div class=\"wp-container-1 wp-block-column is-vertically-aligned-center\" style=\"flex-basis:50%\">\n<div style=\"height:80px\" aria-hidden=\"true\" class=\"wp-block-spacer\"><\/div>\n\n\n\n<figure class=\"wp-block-image size-large is-style-default\"><img loading=\"lazy\" width=\"909\" height=\"1024\" src=\"https:\/\/kineosteo-stlys.com\/wp-content\/uploads\/2023\/06\/IMG_2363-1-909x1024.jpeg\" alt=\"\" class=\"wp-image-207\" srcset=\"https:\/\/kineosteo-stlys.com\/wp-content\/uploads\/2023\/06\/IMG_2363-1-909x1024.jpeg 909w, https:\/\/kineosteo-stlys.com\/wp-content\/uploads\/2023\/06\/IMG_2363-1-266x300.jpeg 266w, https:\/\/kineosteo-stlys.com\/wp-content\/uploads\/2023\/06\/IMG_2363-1-768x865.jpeg 768w, https:\/\/kineosteo-stlys.com\/wp-content\/uploads\/2023\/06\/IMG_2363-1-1364x1536.jpeg 1364w, https:\/\/kineosteo-stlys.com\/wp-content\/uploads\/2023\/06\/IMG_2363-1-1818x2048.jpeg 1818w\" sizes=\"(max-width: 909px) 100vw, 909px\" \/><\/figure>\n<\/div>\n\n\n\n<div class=\"wp-container-2 wp-block-column is-vertically-aligned-center\" style=\"flex-basis:50%\">\n<h2 class=\"has-neve-link-color-color has-text-color\">Kin\u00e9sith\u00e9rapie<\/h2>\n\n\n\n<p class=\"has-neve-text-color-color has-text-color has-medium-font-size\">Les soins de kin\u00e9sith\u00e9rapie pratiqu\u00e9s au cabinet utilisent des m\u00e9thodes vari\u00e9es de r\u00e9\u00e9ducation fonctionnelle. <\/p>\n\n\n\n<p class=\"has-neve-text-color-color has-text-color has-medium-font-size\">Selon votre prise en charge, ils se r\u00e9alisent en cabine ou sur le plateau de r\u00e9\u00e9ducation.<\/p>\n<\/div>\n<\/div>\n<\/div><\/div>\n\n\n\n<h3 class=\"has-neve-link-color-color has-text-color\">Exemples de techniques utilis\u00e9es au cabinet (liste non exhaustive) :<\/h3>\n\n\n\n<div style=\"height:40px\" aria-hidden=\"true\" class=\"wp-block-spacer\"><\/div>\n<\/div><\/div>\n\n\n\n<div class=\"wp-block-cover alignfull\" style=\"min-height:319px\"><span aria-hidden=\"true\" class=\"wp-block-cover__background has-nv-light-bg-background-color has-background-dim-100 has-background-dim\"><\/span><div class=\"wp-block-cover__inner-container\">\n<div class=\"wp-container-8 wp-block-columns\">\n<div class=\"wp-container-5 wp-block-column ticss-4ce656f1\">\n<figure class=\"wp-block-image is-resized icon-style is-style-rounded\"><img loading=\"lazy\" src=\"https:\/\/kineosteo-stlys.com\/wp-content\/themes\/neve\/assets\/img\/starter-content\/icon-03.svg\" alt=\"\" width=\"48\" height=\"48\"\/><\/figure>\n\n\n\n<h3 class=\"has-text-align-left has-text-align-center has-neve-text-color-color has-text-color\">Chaines de Busquet<\/h3>\n\n\n\n<p class=\"has-text-align-left has-neve-text-color-color has-text-color\" style=\"font-size:15px\">Cette technique permet apr\u00e8s examen complet de r\u00e9-harmoniser le corps (lib\u00e9rer les tensions, mobilit\u00e9 tissulaire, posture). <\/p>\n\n\n\n<p><\/p>\n\n\n\n<div style=\"height:20px\" aria-hidden=\"true\" class=\"wp-block-spacer\"><\/div>\n<\/div>\n\n\n\n<div class=\"wp-container-6 wp-block-column ticss-f6fc7494\">\n<figure class=\"wp-block-image is-resized icon-style is-style-rounded\"><img loading=\"lazy\" src=\"https:\/\/kineosteo-stlys.com\/wp-content\/themes\/neve\/assets\/img\/starter-content\/icon-03.svg\" alt=\"\" width=\"48\" height=\"48\"\/><\/figure>\n\n\n\n<h3 class=\"has-text-align-left has-text-align-center has-neve-text-color-color has-text-color\">Massages<\/h3>\n\n\n\n<p class=\"has-text-align-left has-neve-text-color-color has-text-color\" style=\"font-size:15px\">R\u00e9alis\u00e9e en cabine, la m\u00e9thode varie selon l&#8217;examen (mobilisation tissulaire, massage transversal profond, drainage lymphatique, travail des cicatrices&#8230;).<\/p>\n\n\n\n<div style=\"height:20px\" aria-hidden=\"true\" class=\"wp-block-spacer\"><\/div>\n<\/div>\n\n\n\n<div class=\"wp-container-7 wp-block-column ticss-a5b4df29\">\n<figure class=\"wp-block-image is-resized icon-style is-style-rounded\"><img loading=\"lazy\" src=\"https:\/\/kineosteo-stlys.com\/wp-content\/themes\/neve\/assets\/img\/starter-content\/icon-03.svg\" alt=\"\" width=\"48\" height=\"48\"\/><\/figure>\n\n\n\n<h3 class=\"has-text-align-left has-text-align-center has-neve-text-color-color has-text-color\">Kin\u00e9sith\u00e9rapie respiratoire<\/h3>\n\n\n\n<p class=\"has-text-align-left has-neve-text-color-color has-text-color\" style=\"font-size:15px\">Du nourrisson \u00e0 la personne \u00e2g\u00e9e. Drainage bronchique et \u00e9ducation \u00e0 la respiration diaphragmatique principalement.<\/p>\n\n\n\n<div style=\"height:20px\" aria-hidden=\"true\" class=\"wp-block-spacer\"><\/div>\n<\/div>\n<\/div>\n<\/div><\/div>\n\n\n\n<div class=\"wp-block-cover alignfull\" style=\"min-height:307px\"><span aria-hidden=\"true\" class=\"wp-block-cover__background has-nv-light-bg-background-color has-background-dim-100 has-background-dim\"><\/span><div class=\"wp-block-cover__inner-container\">\n<div class=\"wp-container-12 wp-block-columns\">\n<div class=\"wp-container-9 wp-block-column ticss-4ce656f1\">\n<figure class=\"wp-block-image is-resized icon-style is-style-rounded\"><img loading=\"lazy\" src=\"https:\/\/kineosteo-stlys.com\/wp-content\/themes\/neve\/assets\/img\/starter-content\/icon-03.svg\" alt=\"\" width=\"48\" height=\"48\"\/><\/figure>\n\n\n\n<h3 class=\"has-text-align-left has-text-align-center has-neve-text-color-color has-text-color\">Kin\u00e9sith\u00e9rapie vestibulaire<\/h3>\n\n\n\n<p class=\"has-text-align-left has-neve-text-color-color has-text-color\" style=\"font-size:15px\">Traitement des vertiges positionnels paroxystiques b\u00e9nins (VPPB), commun\u00e9ment appel\u00e9s &#8220;cristaux&#8221;.<\/p>\n\n\n\n<div style=\"height:20px\" aria-hidden=\"true\" class=\"wp-block-spacer\"><\/div>\n<\/div>\n\n\n\n<div class=\"wp-container-10 wp-block-column ticss-f6fc7494\">\n<figure class=\"wp-block-image is-resized icon-style is-style-rounded\"><img loading=\"lazy\" src=\"https:\/\/kineosteo-stlys.com\/wp-content\/themes\/neve\/assets\/img\/starter-content\/icon-03.svg\" alt=\"\" width=\"48\" height=\"48\"\/><\/figure>\n\n\n\n<h3 class=\"has-text-align-left has-text-align-center has-neve-text-color-color has-text-color\">Renforcement musculaire<\/h3>\n\n\n\n<p class=\"has-text-align-left has-neve-text-color-color has-text-color\" style=\"font-size:15px\">Exercices de tonification, r\u00e9-athl\u00e9tisation ou travail proprioceptif, les exercices \u00e9voluent selon votre pathologie.<\/p>\n\n\n\n<div style=\"height:20px\" aria-hidden=\"true\" class=\"wp-block-spacer\"><\/div>\n<\/div>\n\n\n\n<div class=\"wp-container-11 wp-block-column ticss-a5b4df29\">\n<figure class=\"wp-block-image is-resized icon-style is-style-rounded\"><img loading=\"lazy\" src=\"https:\/\/kineosteo-stlys.com\/wp-content\/themes\/neve\/assets\/img\/starter-content\/icon-03.svg\" alt=\"\" width=\"48\" height=\"48\"\/><\/figure>\n\n\n\n<h3 class=\"has-text-align-left has-text-align-center has-neve-text-color-color has-text-color\">Post-partum<\/h3>\n\n\n\n<p class=\"has-text-align-left has-neve-text-color-color has-text-color\" style=\"font-size:15px\">Prise en charge de la r\u00e9\u00e9ducation abdominale par techniques hypopressives et traitement de la cicatrice apr\u00e8s c\u00e9sarienne.<\/p>\n\n\n\n<div style=\"height:20px\" aria-hidden=\"true\" class=\"wp-block-spacer\"><\/div>\n<\/div>\n<\/div>\n<\/div><\/div>\n\n\n\n<div style=\"height:70px\" aria-hidden=\"true\" class=\"wp-block-spacer\"><\/div>\n\n\n\n<div class=\"wp-block-cover alignfull\" style=\"min-height:600px\"><span aria-hidden=\"true\" class=\"wp-block-cover__background has-neve-link-color-background-color has-background-dim-100 has-background-dim\"><\/span><div class=\"wp-block-cover__inner-container\">\n<div class=\"wp-container-17 wp-block-group\"><div class=\"wp-block-group__inner-container\">\n<div style=\"height:85px\" aria-hidden=\"true\" class=\"wp-block-spacer\"><\/div>\n\n\n\n<div class=\"wp-container-16 wp-block-columns are-vertically-aligned-center\">\n<div class=\"wp-container-14 wp-block-column is-vertically-aligned-center\" style=\"flex-basis:50%\">\n<h2 class=\"has-nv-site-bg-color has-text-color\">Ost\u00e9opathie<\/h2>\n\n\n\n<p class=\"has-nv-site-bg-color has-text-color\">L&#8217;ost\u00e9opathie est une technique manuelle de soin adapt\u00e9e \u00e0 tout \u00e2ge de la vie, du nourrisson au s\u00e9nior. <\/p>\n\n\n\n<p class=\"has-nv-site-bg-color has-text-color\">Son approche globale permet de redonner de la mobilit\u00e9 articulaire et tissulaire soulageant ainsi des dysfonctions vari\u00e9es (raideurs et perte de mobilit\u00e9 suite \u00e0 un faux mouvement, troubles digestifs, maux de t\u00eates&#8230;).<\/p>\n\n\n\n<div style=\"height:20px\" aria-hidden=\"true\" class=\"wp-block-spacer\"><\/div>\n\n\n\n<div class=\"wp-container-13 wp-block-buttons\">\n<div class=\"wp-block-button is-style-primary\"><a class=\"wp-block-button__link\" href=\"https:\/\/kineosteo-stlys.com\/index.php\/tarifs\/\">Tarifs<\/a><\/div>\n<\/div>\n\n\n\n<div style=\"height:20px\" aria-hidden=\"true\" class=\"wp-block-spacer\"><\/div>\n<\/div>\n\n\n\n<div class=\"wp-container-15 wp-block-column is-vertically-aligned-center\" style=\"flex-basis:50%\">\n<figure class=\"wp-block-image size-large\"><img loading=\"lazy\" width=\"1024\" height=\"683\" src=\"https:\/\/kineosteo-stlys.com\/wp-content\/uploads\/2023\/06\/sincerely-media-2-1024x683.jpeg\" alt=\"\" class=\"wp-image-212\" srcset=\"https:\/\/kineosteo-stlys.com\/wp-content\/uploads\/2023\/06\/sincerely-media-2-1024x683.jpeg 1024w, https:\/\/kineosteo-stlys.com\/wp-content\/uploads\/2023\/06\/sincerely-media-2-300x200.jpeg 300w, https:\/\/kineosteo-stlys.com\/wp-content\/uploads\/2023\/06\/sincerely-media-2-768x512.jpeg 768w, https:\/\/kineosteo-stlys.com\/wp-content\/uploads\/2023\/06\/sincerely-media-2-1536x1024.jpeg 1536w, https:\/\/kineosteo-stlys.com\/wp-content\/uploads\/2023\/06\/sincerely-media-2-2048x1365.jpeg 2048w, https:\/\/kineosteo-stlys.com\/wp-content\/uploads\/2023\/06\/sincerely-media-2-930x620.jpeg 930w\" sizes=\"(max-width: 1024px) 100vw, 1024px\" \/><figcaption>Credits : sincerely media<\/figcaption><\/figure>\n<\/div>\n<\/div>\n\n\n\n<div style=\"height:40px\" aria-hidden=\"true\" class=\"wp-block-spacer\"><\/div>\n<\/div><\/div>\n<\/div><\/div>\n\n\n\n<div class=\"wp-container-19 wp-block-columns\">\n<div class=\"wp-container-18 wp-block-column\" style=\"flex-basis:100%\">\n<div style=\"height:50px\" aria-hidden=\"true\" class=\"wp-block-spacer\"><\/div>\n<\/div>\n<\/div>\n\n\n\n<div class=\"wp-container-22 wp-block-columns\">\n<div class=\"wp-container-21 wp-block-column\">\n<div class=\"wp-container-20 is-content-justification-center wp-block-buttons alignwide\">\n<div class=\"wp-block-button is-style-secondary\"><a class=\"wp-block-button__link\" href=\"https:\/\/kineosteo-stlys.com\/index.php\/contact\/\">Prendre RDV<\/a><\/div>\n<\/div>\n<\/div>\n<\/div>\n","protected":false},"excerpt":{"rendered":"","protected":false},"author":1,"featured_media":0,"parent":0,"menu_order":0,"comment_status":"closed","ping_status":"closed","template":"","meta":{"om_disable_all_campaigns":false,"_monsterinsights_skip_tracking":false,"_monsterinsights_sitenote_active":false,"_monsterinsights_sitenote_note":"","_monsterinsights_sitenote_category":0,"neve_meta_sidebar":"","neve_meta_container":"","neve_meta_enable_content_width":"on","neve_meta_content_width":100,"neve_meta_title_alignment":"","neve_meta_author_avatar":"","neve_post_elements_order":"","neve_meta_disable_header":"","neve_meta_disable_footer":"","neve_meta_disable_title":"on","_ti_tpc_template_sync":false,"_ti_tpc_template_id":""},"aioseo_notices":[],"_links":{"self":[{"href":"https:\/\/kineosteo-stlys.com\/index.php\/wp-json\/wp\/v2\/pages\/9"}],"collection":[{"href":"https:\/\/kineosteo-stlys.com\/index.php\/wp-json\/wp\/v2\/pages"}],"about":[{"href":"https:\/\/kineosteo-stlys.com\/index.php\/wp-json\/wp\/v2\/types\/page"}],"author":[{"embeddable":true,"href":"https:\/\/kineosteo-stlys.com\/index.php\/wp-json\/wp\/v2\/users\/1"}],"replies":[{"embeddable":true,"href":"https:\/\/kineosteo-stlys.com\/index.php\/wp-json\/wp\/v2\/comments?post=9"}],"version-history":[{"count":25,"href":"https:\/\/kineosteo-stlys.com\/index.php\/wp-json\/wp\/v2\/pages\/9\/revisions"}],"predecessor-version":[{"id":215,"href":"https:\/\/kineosteo-stlys.com\/index.php\/wp-json\/wp\/v2\/pages\/9\/revisions\/215"}],"wp:attachment":[{"href":"https:\/\/kineosteo-stlys.com\/index.php\/wp-json\/wp\/v2\/media?parent=9"}],"curies":[{"name":"wp","href":"https:\/\/api.w.org\/{rel}","templated":true}]}}