{"id":135,"date":"2022-12-26T15:38:49","date_gmt":"2022-12-26T15:38:49","guid":{"rendered":"https:\/\/kineosteo-stlys.com\/?page_id=135"},"modified":"2022-12-26T15:43:12","modified_gmt":"2022-12-26T15:43:12","slug":"tarifs","status":"publish","type":"page","link":"https:\/\/kineosteo-stlys.com\/index.php\/tarifs\/","title":{"rendered":"Les tarifs"},"content":{"rendered":"\n<figure class=\"wp-block-table is-style-regular\"><table class=\"has-neve-text-color-color has-nv-light-bg-background-color has-text-color has-background\"><thead><tr><th>TYPES DE SOINS<\/th><th><strong>TARIFS<\/strong><\/th><\/tr><\/thead><tbody><tr><td><\/td><td><\/td><\/tr><tr><td><strong>S\u00e9ance d&#8217;ost\u00e9opathie<\/strong><\/td><td><strong>50<\/strong> euros (Remboursement selon contrat mutuelle sur justificatif fourni par le cabinet)<\/td><\/tr><tr><td><strong>S\u00e9ance de kin\u00e9sith\u00e9rapie (hors soins sp\u00e9cialis\u00e9s)<\/strong><\/td><td>Remboursement par la s\u00e9curit\u00e9 sociale et la mutuelle.<\/td><\/tr><tr><td><strong>Soins sp\u00e9cialis\u00e9s de kin\u00e9sith\u00e9rapie<\/strong><\/td><td>Ces soins peuvent faire l&#8217;objet d&#8217;un d\u00e9passement (pris en charge selon le contrat de mutuelle). <br>Vous serez inform\u00e9s au d\u00e9but de votre prise en charge.<\/td><\/tr><\/tbody><\/table><\/figure>\n\n\n\n<div style=\"height:20px\" aria-hidden=\"true\" class=\"wp-block-spacer\"><\/div>\n\n\n\n<div class=\"wp-container-1 is-content-justification-center wp-block-buttons\">\n<div class=\"wp-block-button is-style-primary\"><a class=\"wp-block-button__link\" href=\"https:\/\/kineosteo-stlys.com\/index.php\/contact\/\">Prendre RDV<\/a><\/div>\n<\/div>\n\n\n\n<div style=\"height:50px\" aria-hidden=\"true\" class=\"wp-block-spacer\"><\/div>\n","protected":false},"excerpt":{"rendered":"<p>TYPES DE SOINS TARIFS S\u00e9ance d&#8217;ost\u00e9opathie 50 euros (Remboursement selon contrat mutuelle sur justificatif fourni par le cabinet) S\u00e9ance de kin\u00e9sith\u00e9rapie (hors soins sp\u00e9cialis\u00e9s) Remboursement par la s\u00e9curit\u00e9 sociale et la mutuelle. Soins sp\u00e9cialis\u00e9s de kin\u00e9sith\u00e9rapie Ces soins peuvent faire l&#8217;objet d&#8217;un d\u00e9passement (pris en charge selon le contrat de mutuelle). Vous serez inform\u00e9s au&hellip;&nbsp;<a href=\"https:\/\/kineosteo-stlys.com\/index.php\/tarifs\/\" class=\"\" rel=\"bookmark\">Read More &raquo;<span class=\"screen-reader-text\">Les tarifs<\/span><\/a><\/p>\n","protected":false},"author":1,"featured_media":0,"parent":0,"menu_order":0,"comment_status":"closed","ping_status":"closed","template":"page-templates\/template-pagebuilder-full-width.php","meta":{"om_disable_all_campaigns":false,"_monsterinsights_skip_tracking":false,"_monsterinsights_sitenote_active":false,"_monsterinsights_sitenote_note":"","_monsterinsights_sitenote_category":0,"neve_meta_sidebar":"","neve_meta_container":"","neve_meta_enable_content_width":"","neve_meta_content_width":0,"neve_meta_title_alignment":"","neve_meta_author_avatar":"","neve_post_elements_order":"","neve_meta_disable_header":"","neve_meta_disable_footer":"","neve_meta_disable_title":"","_ti_tpc_template_sync":false,"_ti_tpc_template_id":""},"aioseo_notices":[],"_links":{"self":[{"href":"https:\/\/kineosteo-stlys.com\/index.php\/wp-json\/wp\/v2\/pages\/135"}],"collection":[{"href":"https:\/\/kineosteo-stlys.com\/index.php\/wp-json\/wp\/v2\/pages"}],"about":[{"href":"https:\/\/kineosteo-stlys.com\/index.php\/wp-json\/wp\/v2\/types\/page"}],"author":[{"embeddable":true,"href":"https:\/\/kineosteo-stlys.com\/index.php\/wp-json\/wp\/v2\/users\/1"}],"replies":[{"embeddable":true,"href":"https:\/\/kineosteo-stlys.com\/index.php\/wp-json\/wp\/v2\/comments?post=135"}],"version-history":[{"count":7,"href":"https:\/\/kineosteo-stlys.com\/index.php\/wp-json\/wp\/v2\/pages\/135\/revisions"}],"predecessor-version":[{"id":159,"href":"https:\/\/kineosteo-stlys.com\/index.php\/wp-json\/wp\/v2\/pages\/135\/revisions\/159"}],"wp:attachment":[{"href":"https:\/\/kineosteo-stlys.com\/index.php\/wp-json\/wp\/v2\/media?parent=135"}],"curies":[{"name":"wp","href":"https:\/\/api.w.org\/{rel}","templated":true}]}}